{"id":2064,"date":"2020-04-19T20:10:01","date_gmt":"2020-04-20T01:10:01","guid":{"rendered":"https:\/\/ramosdefrutas.com\/co\/?page_id=2064"},"modified":"2020-04-19T20:13:36","modified_gmt":"2020-04-20T01:13:36","slug":"blog","status":"publish","type":"page","link":"https:\/\/ramosdefrutas.com\/co\/blog\/","title":{"rendered":"Blog"},"content":{"rendered":"\t\t<div data-elementor-type=\"wp-page\" data-elementor-id=\"2064\" class=\"elementor elementor-2064\">\n\t\t\t\t\t\t<div class=\"elementor-inner\">\n\t\t\t\t<div class=\"elementor-section-wrap\">\n\t\t\t\t\t\t\t\t\t<section class=\"elementor-section elementor-top-section elementor-element elementor-element-6ddb880 elementor-section-boxed elementor-section-height-default elementor-section-height-default\" data-id=\"6ddb880\" data-element_type=\"section\">\n\t\t\t\t\t\t<div class=\"elementor-container elementor-column-gap-default\">\n\t\t\t\t\t\t\t<div class=\"elementor-row\">\n\t\t\t\t\t<div class=\"elementor-column elementor-col-100 elementor-top-column elementor-element elementor-element-1e00629\" data-id=\"1e00629\" data-element_type=\"column\">\n\t\t\t<div class=\"elementor-column-wrap elementor-element-populated\">\n\t\t\t\t\t\t\t<div class=\"elementor-widget-wrap\">\n\t\t\t\t\t\t<div class=\"elementor-element elementor-element-8c13c5f elementor-view-default elementor-widget elementor-widget-icon\" data-id=\"8c13c5f\" data-element_type=\"widget\" data-widget_type=\"icon.default\">\n\t\t\t\t<div class=\"elementor-widget-container\">\n\t\t\t\t\t<div class=\"elementor-icon-wrapper\">\n\t\t\t<a class=\"elementor-icon\" href=\"https:\/\/ramosdefrutas.com\/co\/tienda\/\">\n\t\t\t<i aria-hidden=\"true\" class=\"far fa-newspaper\"><\/i>\t\t\t<\/a>\n\t\t<\/div>\n\t\t\t\t<\/div>\n\t\t\t\t<\/div>\n\t\t\t\t<div class=\"elementor-element elementor-element-7bcf21d elementor-invisible elementor-widget elementor-widget-heading\" data-id=\"7bcf21d\" data-element_type=\"widget\" data-settings=\"{&quot;_animation&quot;:&quot;fadeIn&quot;,&quot;_animation_delay&quot;:&quot;100&quot;}\" data-widget_type=\"heading.default\">\n\t\t\t\t<div class=\"elementor-widget-container\">\n\t\t\t<h2 class=\"elementor-heading-title elementor-size-default\">LECTURA EN NUESTRO BLOG...<\/h2>\t\t<\/div>\n\t\t\t\t<\/div>\n\t\t\t\t\t\t<\/div>\n\t\t\t\t\t<\/div>\n\t\t<\/div>\n\t\t\t\t\t\t\t\t<\/div>\n\t\t\t\t\t<\/div>\n\t\t<\/section>\n\t\t\t\t<section class=\"elementor-section elementor-top-section elementor-element elementor-element-732cd8f elementor-section-boxed elementor-section-height-default elementor-section-height-default\" data-id=\"732cd8f\" data-element_type=\"section\">\n\t\t\t\t\t\t<div class=\"elementor-container elementor-column-gap-default\">\n\t\t\t\t\t\t\t<div class=\"elementor-row\">\n\t\t\t\t\t<div class=\"elementor-column elementor-col-100 elementor-top-column elementor-element elementor-element-8a1329d\" data-id=\"8a1329d\" data-element_type=\"column\">\n\t\t\t<div class=\"elementor-column-wrap elementor-element-populated\">\n\t\t\t\t\t\t\t<div class=\"elementor-widget-wrap\">\n\t\t\t\t\t\t<div class=\"elementor-element elementor-element-6dee7ff elementor-grid-3 elementor-grid-tablet-2 elementor-grid-mobile-1 elementor-posts--thumbnail-top elementor-posts--show-avatar elementor-card-shadow-yes elementor-posts__hover-gradient elementor-widget elementor-widget-posts\" data-id=\"6dee7ff\" data-element_type=\"widget\" data-settings=\"{&quot;pagination_type&quot;:&quot;numbers&quot;,&quot;cards_columns&quot;:&quot;3&quot;,&quot;cards_columns_tablet&quot;:&quot;2&quot;,&quot;cards_columns_mobile&quot;:&quot;1&quot;,&quot;cards_row_gap&quot;:{&quot;unit&quot;:&quot;px&quot;,&quot;size&quot;:35,&quot;sizes&quot;:[]},&quot;cards_row_gap_tablet&quot;:{&quot;unit&quot;:&quot;px&quot;,&quot;size&quot;:&quot;&quot;,&quot;sizes&quot;:[]},&quot;cards_row_gap_mobile&quot;:{&quot;unit&quot;:&quot;px&quot;,&quot;size&quot;:&quot;&quot;,&quot;sizes&quot;:[]}}\" data-widget_type=\"posts.cards\">\n\t\t\t\t<div class=\"elementor-widget-container\">\n\t\t\t\t\t<div class=\"elementor-posts-container elementor-posts elementor-posts--skin-cards elementor-grid\">\n\t\t\t\t<article class=\"elementor-post elementor-grid-item post-1987 post type-post status-publish format-standard has-post-thumbnail hentry category-blog\">\n\t\t\t<div class=\"elementor-post__card\">\n\t\t\t\t<a class=\"elementor-post__thumbnail__link\" href=\"https:\/\/ramosdefrutas.com\/co\/2017\/05\/05\/sabias-como-se-origino-la-fresa\/\" ><div class=\"elementor-post__thumbnail\"><img loading=\"lazy\" decoding=\"async\" width=\"300\" height=\"199\" src=\"https:\/\/ramosdefrutas.com\/co\/wp-content\/uploads\/2017\/05\/sembradio-de-fresas-300x199.jpg\" class=\"attachment-medium size-medium wp-image-1990\" alt=\"\" srcset=\"https:\/\/ramosdefrutas.com\/co\/wp-content\/uploads\/2017\/05\/sembradio-de-fresas-300x199.jpg 300w, https:\/\/ramosdefrutas.com\/co\/wp-content\/uploads\/2017\/05\/sembradio-de-fresas-600x398.jpg 600w, https:\/\/ramosdefrutas.com\/co\/wp-content\/uploads\/2017\/05\/sembradio-de-fresas-768x510.jpg 768w, https:\/\/ramosdefrutas.com\/co\/wp-content\/uploads\/2017\/05\/sembradio-de-fresas.jpg 1024w\" sizes=\"auto, (max-width: 300px) 100vw, 300px\" \/><\/div><\/a>\n\t\t\t\t<div class=\"elementor-post__badge\">Blog<\/div>\n\t\t\t\t<div class=\"elementor-post__avatar\">\n\t\t\t<img alt='ramofrut' src='https:\/\/secure.gravatar.com\/avatar\/b8511a0155bcb380d87c3b359d434e1c0f95edb335c9d8501e8c34b9ce8f330c?s=128&#038;d=mm&#038;r=g' srcset='https:\/\/secure.gravatar.com\/avatar\/b8511a0155bcb380d87c3b359d434e1c0f95edb335c9d8501e8c34b9ce8f330c?s=256&#038;d=mm&#038;r=g 2x' class='avatar avatar-128 photo' height='128' width='128' \/>\t\t<\/div>\n\t\t\t\t<div class=\"elementor-post__text\">\n\t\t\t\t<h3 class=\"elementor-post__title\">\n\t\t\t<a href=\"https:\/\/ramosdefrutas.com\/co\/2017\/05\/05\/sabias-como-se-origino-la-fresa\/\" >\n\t\t\t\t\u00bfSab\u00edas c\u00f3mo se Origin\u00f3 la Fresa?\t\t\t<\/a>\n\t\t<\/h3>\n\t\t\t\t<div class=\"elementor-post__excerpt\">\n\t\t\t<p>La fresa, cuyo nombre cient\u00edfico es\u00a0Fragaria vesca, F. viridis o F. moschata, es un fruto de forma triangular, de color rojo, formado por peque\u00f1os puntos,<\/p>\n\t\t<\/div>\n\t\t\n\t\t<a class=\"elementor-post__read-more\" href=\"https:\/\/ramosdefrutas.com\/co\/2017\/05\/05\/sabias-como-se-origino-la-fresa\/\" aria-label=\"Read more about \u00bfSab\u00edas c\u00f3mo se Origin\u00f3 la Fresa?\" >\n\t\t\tLEER M\u00c1S \u00bb\t\t<\/a>\n\n\t\t\t\t<\/div>\n\t\t\t\t\t<\/div>\n\t\t<\/article>\n\t\t\t\t<article class=\"elementor-post elementor-grid-item post-1964 post type-post status-publish format-standard has-post-thumbnail hentry category-blog\">\n\t\t\t<div class=\"elementor-post__card\">\n\t\t\t\t<a class=\"elementor-post__thumbnail__link\" href=\"https:\/\/ramosdefrutas.com\/co\/2017\/04\/27\/lo-que-no-te-dicen-acerca-de-las-frutas\/\" ><div class=\"elementor-post__thumbnail\"><img loading=\"lazy\" decoding=\"async\" width=\"300\" height=\"200\" src=\"https:\/\/ramosdefrutas.com\/co\/wp-content\/uploads\/2017\/04\/frutas-300x200.jpg\" class=\"attachment-medium size-medium wp-image-1992\" alt=\"\" srcset=\"https:\/\/ramosdefrutas.com\/co\/wp-content\/uploads\/2017\/04\/frutas-300x200.jpg 300w, https:\/\/ramosdefrutas.com\/co\/wp-content\/uploads\/2017\/04\/frutas-600x400.jpg 600w, https:\/\/ramosdefrutas.com\/co\/wp-content\/uploads\/2017\/04\/frutas-768x512.jpg 768w, https:\/\/ramosdefrutas.com\/co\/wp-content\/uploads\/2017\/04\/frutas-1024x683.jpg 1024w, https:\/\/ramosdefrutas.com\/co\/wp-content\/uploads\/2017\/04\/frutas.jpg 1800w\" sizes=\"auto, (max-width: 300px) 100vw, 300px\" \/><\/div><\/a>\n\t\t\t\t<div class=\"elementor-post__badge\">Blog<\/div>\n\t\t\t\t<div class=\"elementor-post__avatar\">\n\t\t\t<img alt='ramofrut' src='https:\/\/secure.gravatar.com\/avatar\/b8511a0155bcb380d87c3b359d434e1c0f95edb335c9d8501e8c34b9ce8f330c?s=128&#038;d=mm&#038;r=g' srcset='https:\/\/secure.gravatar.com\/avatar\/b8511a0155bcb380d87c3b359d434e1c0f95edb335c9d8501e8c34b9ce8f330c?s=256&#038;d=mm&#038;r=g 2x' class='avatar avatar-128 photo' height='128' width='128' \/>\t\t<\/div>\n\t\t\t\t<div class=\"elementor-post__text\">\n\t\t\t\t<h3 class=\"elementor-post__title\">\n\t\t\t<a href=\"https:\/\/ramosdefrutas.com\/co\/2017\/04\/27\/lo-que-no-te-dicen-acerca-de-las-frutas\/\" >\n\t\t\t\tLo que no te dicen acerca de las Frutas&#8230;\t\t\t<\/a>\n\t\t<\/h3>\n\t\t\t\t<div class=\"elementor-post__excerpt\">\n\t\t\t<p>En este post vamos a aclarar algunos mitos y curiosidades sobre las frutas para que puedas decidir con certeza cual es la que mejor se<\/p>\n\t\t<\/div>\n\t\t\n\t\t<a class=\"elementor-post__read-more\" href=\"https:\/\/ramosdefrutas.com\/co\/2017\/04\/27\/lo-que-no-te-dicen-acerca-de-las-frutas\/\" aria-label=\"Read more about Lo que no te dicen acerca de las Frutas&#8230;\" >\n\t\t\tLEER M\u00c1S \u00bb\t\t<\/a>\n\n\t\t\t\t<\/div>\n\t\t\t\t\t<\/div>\n\t\t<\/article>\n\t\t\t\t<article class=\"elementor-post elementor-grid-item post-1757 post type-post status-publish format-standard has-post-thumbnail hentry category-blog\">\n\t\t\t<div class=\"elementor-post__card\">\n\t\t\t\t<a class=\"elementor-post__thumbnail__link\" href=\"https:\/\/ramosdefrutas.com\/co\/2016\/03\/09\/nos-renovamos-todo-un-makeover\/\" ><div class=\"elementor-post__thumbnail\"><img loading=\"lazy\" decoding=\"async\" width=\"300\" height=\"153\" src=\"https:\/\/ramosdefrutas.com\/co\/wp-content\/uploads\/2016\/03\/Post-300x153.jpg\" class=\"attachment-medium size-medium wp-image-1758\" alt=\"\" srcset=\"https:\/\/ramosdefrutas.com\/co\/wp-content\/uploads\/2016\/03\/Post-300x153.jpg 300w, https:\/\/ramosdefrutas.com\/co\/wp-content\/uploads\/2016\/03\/Post.jpg 695w\" sizes=\"auto, (max-width: 300px) 100vw, 300px\" \/><\/div><\/a>\n\t\t\t\t<div class=\"elementor-post__badge\">Blog<\/div>\n\t\t\t\t<div class=\"elementor-post__avatar\">\n\t\t\t<img alt='ramofrut' src='https:\/\/secure.gravatar.com\/avatar\/b8511a0155bcb380d87c3b359d434e1c0f95edb335c9d8501e8c34b9ce8f330c?s=128&#038;d=mm&#038;r=g' srcset='https:\/\/secure.gravatar.com\/avatar\/b8511a0155bcb380d87c3b359d434e1c0f95edb335c9d8501e8c34b9ce8f330c?s=256&#038;d=mm&#038;r=g 2x' class='avatar avatar-128 photo' height='128' width='128' \/>\t\t<\/div>\n\t\t\t\t<div class=\"elementor-post__text\">\n\t\t\t\t<h3 class=\"elementor-post__title\">\n\t\t\t<a href=\"https:\/\/ramosdefrutas.com\/co\/2016\/03\/09\/nos-renovamos-todo-un-makeover\/\" >\n\t\t\t\tNos renovamos! Todo un MakeOver\t\t\t<\/a>\n\t\t<\/h3>\n\t\t\t\t<div class=\"elementor-post__excerpt\">\n\t\t\t<p>Todo el equipo de Ramofrut est\u00e1 celebrando nuestro nuevo sitio web, y m\u00e1s que un redise\u00f1o o un cambio de imagen, quisimos mejorar el proceso<\/p>\n\t\t<\/div>\n\t\t\n\t\t<a class=\"elementor-post__read-more\" href=\"https:\/\/ramosdefrutas.com\/co\/2016\/03\/09\/nos-renovamos-todo-un-makeover\/\" aria-label=\"Read more about Nos renovamos! Todo un MakeOver\" >\n\t\t\tLEER M\u00c1S \u00bb\t\t<\/a>\n\n\t\t\t\t<\/div>\n\t\t\t\t\t<\/div>\n\t\t<\/article>\n\t\t\t\t<\/div>\n\t\t\n\t\t\t\t<\/div>\n\t\t\t\t<\/div>\n\t\t\t\t\t\t<\/div>\n\t\t\t\t\t<\/div>\n\t\t<\/div>\n\t\t\t\t\t\t\t\t<\/div>\n\t\t\t\t\t<\/div>\n\t\t<\/section>\n\t\t\t\t\t\t\t\t\t<\/div>\n\t\t\t<\/div>\n\t\t\t\t\t<\/div>\n\t\t","protected":false},"excerpt":{"rendered":"<p>LECTURA EN NUESTRO BLOG&#8230;<\/p>\n","protected":false},"author":1,"featured_media":0,"parent":0,"menu_order":0,"comment_status":"closed","ping_status":"closed","template":"","meta":{"site-sidebar-layout":"no-sidebar","site-content-layout":"page-builder","ast-global-header-display":"","ast-main-header-display":"","ast-hfb-above-header-display":"","ast-hfb-below-header-display":"","ast-hfb-mobile-header-display":"","site-post-title":"disabled","ast-breadcrumbs-content":"","ast-featured-img":"disabled","footer-sml-layout":"","theme-transparent-header-meta":"default","adv-header-id-meta":"","stick-header-meta":"","header-above-stick-meta":"","header-main-stick-meta":"","header-below-stick-meta":"","footnotes":""},"class_list":["post-2064","page","type-page","status-publish","hentry"],"_links":{"self":[{"href":"https:\/\/ramosdefrutas.com\/co\/wp-json\/wp\/v2\/pages\/2064","targetHints":{"allow":["GET"]}}],"collection":[{"href":"https:\/\/ramosdefrutas.com\/co\/wp-json\/wp\/v2\/pages"}],"about":[{"href":"https:\/\/ramosdefrutas.com\/co\/wp-json\/wp\/v2\/types\/page"}],"author":[{"embeddable":true,"href":"https:\/\/ramosdefrutas.com\/co\/wp-json\/wp\/v2\/users\/1"}],"replies":[{"embeddable":true,"href":"https:\/\/ramosdefrutas.com\/co\/wp-json\/wp\/v2\/comments?post=2064"}],"version-history":[{"count":3,"href":"https:\/\/ramosdefrutas.com\/co\/wp-json\/wp\/v2\/pages\/2064\/revisions"}],"predecessor-version":[{"id":2067,"href":"https:\/\/ramosdefrutas.com\/co\/wp-json\/wp\/v2\/pages\/2064\/revisions\/2067"}],"wp:attachment":[{"href":"https:\/\/ramosdefrutas.com\/co\/wp-json\/wp\/v2\/media?parent=2064"}],"curies":[{"name":"wp","href":"https:\/\/api.w.org\/{rel}","templated":true}]}}